{"id":749,"date":"2025-11-12T08:50:26","date_gmt":"2025-11-12T07:50:26","guid":{"rendered":"https:\/\/soymiheroe.com\/?page_id=749"},"modified":"2025-11-14T17:09:51","modified_gmt":"2025-11-14T16:09:51","slug":"politica-de-privacidad","status":"publish","type":"page","link":"https:\/\/guiaabusosexualinfantil.eus\/eu\/politica-de-privacidad\/","title":{"rendered":"Datuen pribatasun politika"},"content":{"rendered":"<div data-elementor-type=\"wp-page\" data-elementor-id=\"749\" class=\"elementor elementor-749\">\n\t\t\t\t<div class=\"elementor-element elementor-element-3d0d512 e-flex e-con-boxed e-con e-parent\" data-id=\"3d0d512\" data-element_type=\"container\">\n\t\t\t\t\t<div class=\"e-con-inner\">\n\t\t<div class=\"elementor-element elementor-element-e4034ab e-con-full e-flex elementor-invisible e-con e-child\" data-id=\"e4034ab\" data-element_type=\"container\" data-settings=\"{&quot;animation&quot;:&quot;fadeInLeft&quot;}\">\n\t\t\t\t<div class=\"elementor-element elementor-element-26c0fc0 elementor-widget elementor-widget-text-editor\" data-id=\"26c0fc0\" data-element_type=\"widget\" data-widget_type=\"text-editor.default\">\n\t\t\t\t\t\t\t\t\t<h1>Datuen pribatasun politika<\/h1><p>Dokumentu honetan, Boganek zure datu pertsonalak nola tratatzen dituen aurkituko duzu, baita Datuak Babesteko Erregelamendu Orokorrak (DBEO) aitortzen dizkizun eskubideei buruzko informazioa ere. Bogan erakunde talde bat da eta hautaketa prozesuei dagokien gaietarako entitate hauek osatzen dute: Agintzari, Zabalduz, Hirube, 3. Area, Adaka eta Zakan Sozial, langileak hautatzeko prozesuei eta harremanetarako datuei dagokienez.<\/p><h2><strong>1. Identifikazioa eta harremanetarako arduradunaren datuak<\/strong><\/h2><p>Gizarte-erakunde bat gara, komunitatearen garapenean inplikatua dagoena. Gizarte-arloko esku-hartzearen eremuan lan egiten dugu, zailtasun-egoeran dauden pertsonen eta kolektiboen gizarte-beharrak gainditzera bideratutako proposamen berritzaileak abian jartzen eta kalitatezko zerbitzuak kudeatzen.<\/p><p>Jarduera horiek bertan inplikatutako pertsonen datuak erabiltzea eskatzen dute nahitaez, bereziki, lanpostuetarako eta hautaketa-postuetarako hautagaitzak kudeatzeko momentuan.<\/p><p>Datuak babesteko indarrean dagoen araudiari helduz pribatutasun-politika hau garatu dugu, gardentasun-printzipioa eta informatua egoteko eskubideak errespetatuz. Boganekin harremanetan jartzeko aukerak:<\/p><ul><li>Aurrez aurre edo posta arruntez, egoitza nagusira zuzenduta. Helbidea: Madariaga Etorbidea, 1, 4. Solairua, 48014. 48014. Bilbo.<\/li><li>Posta elektronikoz: pribatutasun@grupobogan.com<\/li><li>Datuen Babeserako ordezkariarekin zuzenean: DPD@grupobogan.com<\/li><\/ul><h2><strong>2. Boganek egindako tratamenduei buruzko informazioa<\/strong><\/h2><p>Webgune honetan arduradun gisa egindako tratamenduak.<\/p><table border=\"1\"><tbody><tr><td><strong>TRATAMENDU<\/strong><\/td><td><strong>HELBURUA<\/strong><\/td><td><strong>LEGITIMAZIOA<\/strong><\/td><\/tr><tr><td>HAUTAKETA<\/td><td>Hautagaitzak eta lan-poltsa kudeatzea<\/td><td>Kontratu aurreko neurriak onartzea eta, hala badagokio, aplikatzea.<\/td><\/tr><tr><td>HARREMANETARAKO PERTSONAK<\/td><td>Kontratu-harremana.<\/td><td>Interes legitimoa Kontratu-harremana<\/td><\/tr><\/tbody><\/table><p>Boganek bere gain hartzen du euskal administrazio publikoen gizarte-zerbitzuei dagozkien zerbitzuak eta programak gauzatzea, edo lizitazio bidez eskuratzen diren beste zerbitzuen kudeaketa, bere jarduera nagusia den heinean.<\/p><h2><strong>3. Zure eskubideak baliatzea<\/strong><\/h2><p>Hurrengo eskubideez baliatu zaitezkela jakinarazten dizugu:<\/p><ul><li>Zure datu pertsonaletara irispidea izateko eskubidea, hauen tratamendua zein den eta non erabili diren jakiteko.<\/li><li>Datuak zuzentzeko eskubidea, datuak okerrak edo osatugabeak direla aurkitzen baduzu.<\/li><li>Zure datu pertsonalak ezabatzeko eskubidea, hori posible denean;<\/li><li>Zure datu pertsonalen tratamendua mugatzea eskatzeko eskubidea, datuen tratamenduaren zehaztasuna, legezkotasuna edo beharra zalantzazkoa denean; kasu horretan, datuak gorde ahal izango ditugu erreklamazioak egiteko edo defendatzeko.<\/li><li>Zure datu pertsonalen tratamenduaren aurka joateko eskubidea, datu horiek tratatzeko legezko oinarria interes legitimoa denean.<\/li><li>Datu automatizatuen eramangarritasunerako eskubidea, datuak tratatzea ahalbidetzen duen lege-oinarria kontratu-harreman bat edo pertsonaren adostasuna denean.<\/li><li>Emandako adostasuna ezeztatzeko eskubidea.<\/li><\/ul><p>Eskubide hauek Bogani eska diezazkiokezu lehen adierazitako harreman bideen bidez. Era berean, Datuak Babesteko Espainiako Bulegoan erreklamazio bat aurkezteko eskubidea duzula jakinarazten dizugu, datu pertsonalen tratamenduari dagokion legedia urratu dela uste baduzu.<\/p><h2><strong>4. Segurtasuna eta bermeak<\/strong><\/h2><p>Datu pertsonalak modu egokian eta legea betez erabiltzea da gure helburua, indarrean dauden datuak babesteko printzipioak errespetatuz. Horretarako, datuen konfidentzialtasuna bermatzen duten segurtasun neurriak ditugu. Gure langileek eskatutako sekretu betebeharra betetzen dute ere. Bestalde, gure sistema eta prozesuetan hurrengo neurriak ematen dira: datuen zifratzea, baita pseudonimizazioa ahal den kasuetan, eta datuen osotasuna, eskuragarritasuna eta konfidentzialtasuna bermatzeko kontrol egokiak.<\/p><h2><strong>5. Datu pertsonalen indarraldia<\/strong><\/h2><p>Orokorrean, aplikagarriak diren legeek ezarritakoa betetzeko mantenduko ditugu zure datuak. Hala ere, gehienez urtebetez mantenduko ditugu, informazioa lehenago aldatzen ez duzunean. Zure datuak ez badira jada legezko helburuetarako beharrezkoak, datu babesteko araudian zehaztutakoaren arabera suntsituko dira.<\/p><h2><strong>6. Aurreikusitako hartzaileak<\/strong><\/h2><p>Zure datuak taldeko beste entitate batzuekin parteka ditzakegu RGPDren 48. kontsiderazioan agertzen den legezko interesa errespetatuz. Honetaz aparte, ez dizkiegu zure datu pertsonalak hirugarrenei lagako, aplikagarria den legezko betebehar bat burutzeko beharrezkoa ez bada.<\/p><h2><strong>7. Nazioarteko transferentzia<\/strong><\/h2><p>Boganek ez du nazioarteko mailan zure datu pertsonalik helarazteko asmorik.<\/p><h2><strong>8. Estekak<\/strong><\/h2><p>Boganek kudeatzen eta kontrolatzen ez dituen beste gune batzuetara lotutako hiperestekak ager daitezke Bogan webgunean Horregatik, Boganek ez du bermatzen, ezta erantzukizunik hartzen ere, beste webguneen edukiaren legezkotasunaz, fidagarritasunaz, erabilgarritasunaz, egiazkotasunaz eta gaurkotasunaz, ezta hauen pribatutasun praktikei dagokionez ere Mesedez, Boganetik kanpoko webgune hauetan informazio pertsonala eman aurretik kontuan hartu haien datu babesteko betebeharrak gureetatik desberdinak izan daitezkeela.<\/p><h2><strong>9. Pribatutasun politikaren eguneratzea<\/strong><\/h2><p>Boganek Pribatutasun Politika hau eguneratu beharko du. Horregatik, politika hau aldizka berrikustea beharrezkoa da, ahal bada webgunera sartzen zaren bakoitzean, jasotako informazio mota eta haren tratamenduari buruz egoki informatuta egoteko asmoz. Pribatutasun Politika Webgunearen bukaeran aurki dezakezu.<\/p>\t\t\t\t\t\t\t\t<\/div>\n\t\t\t\t<\/div>\n\t\t\t\t\t<\/div>\n\t\t\t\t<\/div>\n\t\t\t\t<\/div>","protected":false},"excerpt":{"rendered":"<p class=\"tx-excerpt\">Pol\u00edtica de Privacidad En este documento encontrar\u00e1s informaci\u00f3n de tu inter\u00e9s con relaci\u00f3n a c\u00f3mo Bogan trata tus datos personales y los derechos que te...<\/p>","protected":false},"author":2,"featured_media":0,"parent":0,"menu_order":0,"comment_status":"closed","ping_status":"closed","template":"elementor_header_footer","meta":{"footnotes":""},"class_list":["post-749","page","type-page","status-publish","hentry"],"yoast_head":"<!-- This site is optimized with the Yoast SEO plugin v26.4 - https:\/\/yoast.com\/wordpress\/plugins\/seo\/ -->\n<title>Pol\u00edtica de privacidad - Detecci\u00f3n e Intervencion en Abuso Sexual Infantil<\/title>\n<meta name=\"robots\" content=\"noindex, follow\" \/>\n<meta property=\"og:locale\" content=\"en_US\" \/>\n<meta property=\"og:type\" content=\"article\" \/>\n<meta property=\"og:title\" content=\"Pol\u00edtica de privacidad - Detecci\u00f3n e Intervencion en Abuso Sexual Infantil\" \/>\n<meta property=\"og:description\" content=\"Pol\u00edtica de Privacidad En este documento encontrar\u00e1s informaci\u00f3n de tu inter\u00e9s con relaci\u00f3n a c\u00f3mo Bogan trata tus datos personales y los derechos que te asisten en virtud del Reglamento General de Protecci\u00f3n de Datos (RGPD). Bogan es un grupo de organizaciones conformado por las siguientes entidades AGINTZARI, ZABALDUZ, HIRUBE, \u00c1REA 3, ADAKA, Y ZAKAN [&hellip;]\" \/>\n<meta property=\"og:url\" content=\"https:\/\/guiaabusosexualinfantil.eus\/eu\/politica-de-privacidad\/\" \/>\n<meta property=\"og:site_name\" content=\"Detecci\u00f3n e Intervencion en Abuso Sexual Infantil\" \/>\n<meta property=\"article:modified_time\" content=\"2025-11-14T16:09:51+00:00\" \/>\n<meta name=\"twitter:card\" content=\"summary_large_image\" \/>\n<meta name=\"twitter:label1\" content=\"Est. reading time\" \/>\n\t<meta name=\"twitter:data1\" content=\"5 minutua\" \/>\n<script type=\"application\/ld+json\" class=\"yoast-schema-graph\">{\"@context\":\"https:\/\/schema.org\",\"@graph\":[{\"@type\":\"WebPage\",\"@id\":\"https:\/\/guiaabusosexualinfantil.eus\/politica-de-privacidad\/\",\"url\":\"https:\/\/guiaabusosexualinfantil.eus\/politica-de-privacidad\/\",\"name\":\"Pol\u00edtica de privacidad - Detecci\u00f3n e Intervencion en Abuso Sexual Infantil\",\"isPartOf\":{\"@id\":\"https:\/\/guiaabusosexualinfantil.eus\/#website\"},\"datePublished\":\"2025-11-12T07:50:26+00:00\",\"dateModified\":\"2025-11-14T16:09:51+00:00\",\"breadcrumb\":{\"@id\":\"https:\/\/guiaabusosexualinfantil.eus\/politica-de-privacidad\/#breadcrumb\"},\"inLanguage\":\"eu\",\"potentialAction\":[{\"@type\":\"ReadAction\",\"target\":[\"https:\/\/guiaabusosexualinfantil.eus\/politica-de-privacidad\/\"]}]},{\"@type\":\"BreadcrumbList\",\"@id\":\"https:\/\/guiaabusosexualinfantil.eus\/politica-de-privacidad\/#breadcrumb\",\"itemListElement\":[{\"@type\":\"ListItem\",\"position\":1,\"name\":\"Portada\",\"item\":\"https:\/\/guiaabusosexualinfantil.eus\/\"},{\"@type\":\"ListItem\",\"position\":2,\"name\":\"Pol\u00edtica de privacidad\"}]},{\"@type\":\"WebSite\",\"@id\":\"https:\/\/guiaabusosexualinfantil.eus\/#website\",\"url\":\"https:\/\/guiaabusosexualinfantil.eus\/\",\"name\":\"Detecci\u00f3n e Intervencion en Abuso Sexual Infantil\",\"description\":\"\",\"publisher\":{\"@id\":\"https:\/\/guiaabusosexualinfantil.eus\/#organization\"},\"potentialAction\":[{\"@type\":\"SearchAction\",\"target\":{\"@type\":\"EntryPoint\",\"urlTemplate\":\"https:\/\/guiaabusosexualinfantil.eus\/?s={search_term_string}\"},\"query-input\":{\"@type\":\"PropertyValueSpecification\",\"valueRequired\":true,\"valueName\":\"search_term_string\"}}],\"inLanguage\":\"eu\"},{\"@type\":\"Organization\",\"@id\":\"https:\/\/guiaabusosexualinfantil.eus\/#organization\",\"name\":\"Detecci\u00f3n e Intervencion en Abuso Sexual Infantil\",\"url\":\"https:\/\/guiaabusosexualinfantil.eus\/\",\"logo\":{\"@type\":\"ImageObject\",\"inLanguage\":\"eu\",\"@id\":\"https:\/\/guiaabusosexualinfantil.eus\/#\/schema\/logo\/image\/\",\"url\":\"https:\/\/guiaabusosexualinfantil.eus\/wp-content\/uploads\/logo_agintzari.png\",\"contentUrl\":\"https:\/\/guiaabusosexualinfantil.eus\/wp-content\/uploads\/logo_agintzari.png\",\"width\":174,\"height\":110,\"caption\":\"Detecci\u00f3n e Intervencion en Abuso Sexual Infantil\"},\"image\":{\"@id\":\"https:\/\/guiaabusosexualinfantil.eus\/#\/schema\/logo\/image\/\"}}]}<\/script>\n<!-- \/ Yoast SEO plugin. -->","yoast_head_json":{"title":"Pol\u00edtica de privacidad - Detecci\u00f3n e Intervencion en Abuso Sexual Infantil","robots":{"index":"noindex","follow":"follow"},"og_locale":"en_US","og_type":"article","og_title":"Pol\u00edtica de privacidad - Detecci\u00f3n e Intervencion en Abuso Sexual Infantil","og_description":"Pol\u00edtica de Privacidad En este documento encontrar\u00e1s informaci\u00f3n de tu inter\u00e9s con relaci\u00f3n a c\u00f3mo Bogan trata tus datos personales y los derechos que te asisten en virtud del Reglamento General de Protecci\u00f3n de Datos (RGPD). Bogan es un grupo de organizaciones conformado por las siguientes entidades AGINTZARI, ZABALDUZ, HIRUBE, \u00c1REA 3, ADAKA, Y ZAKAN [&hellip;]","og_url":"https:\/\/guiaabusosexualinfantil.eus\/eu\/politica-de-privacidad\/","og_site_name":"Detecci\u00f3n e Intervencion en Abuso Sexual Infantil","article_modified_time":"2025-11-14T16:09:51+00:00","twitter_card":"summary_large_image","twitter_misc":{"Est. reading time":"5 minutua"},"schema":{"@context":"https:\/\/schema.org","@graph":[{"@type":"WebPage","@id":"https:\/\/guiaabusosexualinfantil.eus\/politica-de-privacidad\/","url":"https:\/\/guiaabusosexualinfantil.eus\/politica-de-privacidad\/","name":"Pol\u00edtica de privacidad - Detecci\u00f3n e Intervencion en Abuso Sexual Infantil","isPartOf":{"@id":"https:\/\/guiaabusosexualinfantil.eus\/#website"},"datePublished":"2025-11-12T07:50:26+00:00","dateModified":"2025-11-14T16:09:51+00:00","breadcrumb":{"@id":"https:\/\/guiaabusosexualinfantil.eus\/politica-de-privacidad\/#breadcrumb"},"inLanguage":"eu","potentialAction":[{"@type":"ReadAction","target":["https:\/\/guiaabusosexualinfantil.eus\/politica-de-privacidad\/"]}]},{"@type":"BreadcrumbList","@id":"https:\/\/guiaabusosexualinfantil.eus\/politica-de-privacidad\/#breadcrumb","itemListElement":[{"@type":"ListItem","position":1,"name":"Portada","item":"https:\/\/guiaabusosexualinfantil.eus\/"},{"@type":"ListItem","position":2,"name":"Pol\u00edtica de privacidad"}]},{"@type":"WebSite","@id":"https:\/\/guiaabusosexualinfantil.eus\/#website","url":"https:\/\/guiaabusosexualinfantil.eus\/","name":"Detecci\u00f3n e Intervencion en Abuso Sexual Infantil","description":"","publisher":{"@id":"https:\/\/guiaabusosexualinfantil.eus\/#organization"},"potentialAction":[{"@type":"SearchAction","target":{"@type":"EntryPoint","urlTemplate":"https:\/\/guiaabusosexualinfantil.eus\/?s={search_term_string}"},"query-input":{"@type":"PropertyValueSpecification","valueRequired":true,"valueName":"search_term_string"}}],"inLanguage":"eu"},{"@type":"Organization","@id":"https:\/\/guiaabusosexualinfantil.eus\/#organization","name":"Detecci\u00f3n e Intervencion en Abuso Sexual Infantil","url":"https:\/\/guiaabusosexualinfantil.eus\/","logo":{"@type":"ImageObject","inLanguage":"eu","@id":"https:\/\/guiaabusosexualinfantil.eus\/#\/schema\/logo\/image\/","url":"https:\/\/guiaabusosexualinfantil.eus\/wp-content\/uploads\/logo_agintzari.png","contentUrl":"https:\/\/guiaabusosexualinfantil.eus\/wp-content\/uploads\/logo_agintzari.png","width":174,"height":110,"caption":"Detecci\u00f3n e Intervencion en Abuso Sexual Infantil"},"image":{"@id":"https:\/\/guiaabusosexualinfantil.eus\/#\/schema\/logo\/image\/"}}]}},"_links":{"self":[{"href":"https:\/\/guiaabusosexualinfantil.eus\/eu\/wp-json\/wp\/v2\/pages\/749","targetHints":{"allow":["GET"]}}],"collection":[{"href":"https:\/\/guiaabusosexualinfantil.eus\/eu\/wp-json\/wp\/v2\/pages"}],"about":[{"href":"https:\/\/guiaabusosexualinfantil.eus\/eu\/wp-json\/wp\/v2\/types\/page"}],"author":[{"embeddable":true,"href":"https:\/\/guiaabusosexualinfantil.eus\/eu\/wp-json\/wp\/v2\/users\/2"}],"replies":[{"embeddable":true,"href":"https:\/\/guiaabusosexualinfantil.eus\/eu\/wp-json\/wp\/v2\/comments?post=749"}],"version-history":[{"count":3,"href":"https:\/\/guiaabusosexualinfantil.eus\/eu\/wp-json\/wp\/v2\/pages\/749\/revisions"}],"predecessor-version":[{"id":844,"href":"https:\/\/guiaabusosexualinfantil.eus\/eu\/wp-json\/wp\/v2\/pages\/749\/revisions\/844"}],"wp:attachment":[{"href":"https:\/\/guiaabusosexualinfantil.eus\/eu\/wp-json\/wp\/v2\/media?parent=749"}],"curies":[{"name":"wp","href":"https:\/\/api.w.org\/{rel}","templated":true}]}}